{"id":253,"date":"2024-09-30T20:04:45","date_gmt":"2024-09-30T20:04:45","guid":{"rendered":"http:\/\/marionschacht.de\/leinwandpoesie\/?page_id=253"},"modified":"2024-11-02T22:21:48","modified_gmt":"2024-11-02T22:21:48","slug":"ueber-mich","status":"publish","type":"page","link":"https:\/\/marionschacht.de\/leinwandpoesie\/","title":{"rendered":"Willkommen!"},"content":{"rendered":"<div class=\"wp-block-columns are-vertically-aligned-center is-layout-flex wp-container-core-columns-is-layout-9d6595d7 wp-block-columns-is-layout-flex\"><div class=\"wp-block-column is-vertically-aligned-center is-layout-flow wp-block-column-is-layout-flow\"><div class=\"wp-block-image\"><figure class=\"aligncenter size-full is-resized\"><img data-recalc-dims=\"1\" loading=\"lazy\" decoding=\"async\" width=\"1024\" height=\"683\" src=\"https:\/\/i0.wp.com\/marionschacht.de\/leinwandpoesie\/wp-content\/uploads\/2024\/09\/vernissage_010917_7.jpg?resize=1024%2C683\" alt=\"\" class=\"wp-image-162\" style=\"width:420px;height:auto\" srcset=\"https:\/\/i0.wp.com\/marionschacht.de\/leinwandpoesie\/wp-content\/uploads\/2024\/09\/vernissage_010917_7.jpg?w=1024&amp;ssl=1 1024w, https:\/\/i0.wp.com\/marionschacht.de\/leinwandpoesie\/wp-content\/uploads\/2024\/09\/vernissage_010917_7.jpg?resize=250%2C167&amp;ssl=1 250w, https:\/\/i0.wp.com\/marionschacht.de\/leinwandpoesie\/wp-content\/uploads\/2024\/09\/vernissage_010917_7.jpg?resize=300%2C200&amp;ssl=1 300w, https:\/\/i0.wp.com\/marionschacht.de\/leinwandpoesie\/wp-content\/uploads\/2024\/09\/vernissage_010917_7.jpg?resize=768%2C512&amp;ssl=1 768w, https:\/\/i0.wp.com\/marionschacht.de\/leinwandpoesie\/wp-content\/uploads\/2024\/09\/vernissage_010917_7.jpg?resize=485%2C323&amp;ssl=1 485w, https:\/\/i0.wp.com\/marionschacht.de\/leinwandpoesie\/wp-content\/uploads\/2024\/09\/vernissage_010917_7.jpg?resize=960%2C640&amp;ssl=1 960w\" sizes=\"auto, (max-width: 1000px) 100vw, 1000px\" \/><\/figure><\/div><\/div><\/div><p><br>Ich m\u00f6chte Sie herzlich auf meiner Internetpr\u00e4senz begr\u00fc\u00dfen! Es freut mich sehr, dass Sie den Weg zu mir gefunden haben. Mein Name ist Marion Schacht und ich m\u00f6chte Ihnen gerne auf den folgenden Seiten mich selbst und meine Arbeiten vorstellen.<\/p><p>Das Malen bedeutet f\u00fcr mich Intuition, Inspiration, das Leben verstehen mit all seinen Facetten. An erster Stelle steht f\u00fcr mich der Ausdruck von Emotionen, die ohne Worte nur durch die Auswahl bestimmter Farben oder Pinselstriche den Weg in die Herzen der Menschen finden sollen. Nicht das reine Abbilden von Gegenst\u00e4nden soll im Vordergrund stehen, sondern durch das vage, manchmal sogar nur schemenhafte Andeuten m\u00f6chte ich die Fantasie des Betrachters befl\u00fcgeln und ihn eintauchen lassen in meine Welt\u2026<\/p><p>Schon immer hatten mich Gem\u00e4lde, haupts\u00e4chlich filigrane Aquarelle, fasziniert.<br>Mit einem geschenkten Aquarellfarbkasten begann dann letztendlich auch f\u00fcr mich der Einstieg in die faszinierende Welt von Pinsel, Farben, Leinwand und Papier\u2026..<br>War es am Anfang noch Lernen und Arbeit, so f\u00fchrten mit der Zeit zahlreiche Inspirationen, aber auch Anerkennung und Beifall f\u00fcr gelungene Bilder zu spontanen, intuitiven und gef\u00fchlsbetonten Werken\u2026<br><br><\/p><div class=\"wp-block-image\"><figure class=\"aligncenter size-full is-resized\"><img data-recalc-dims=\"1\" loading=\"lazy\" decoding=\"async\" width=\"1024\" height=\"683\" src=\"https:\/\/i0.wp.com\/marionschacht.de\/leinwandpoesie\/wp-content\/uploads\/2024\/09\/vernissage_wageck_280918-12-von-15-1024x683-1.jpg?resize=1024%2C683\" alt=\"\" class=\"wp-image-195\" style=\"width:420px\" srcset=\"https:\/\/i0.wp.com\/marionschacht.de\/leinwandpoesie\/wp-content\/uploads\/2024\/09\/vernissage_wageck_280918-12-von-15-1024x683-1.jpg?w=1024&amp;ssl=1 1024w, https:\/\/i0.wp.com\/marionschacht.de\/leinwandpoesie\/wp-content\/uploads\/2024\/09\/vernissage_wageck_280918-12-von-15-1024x683-1.jpg?resize=250%2C167&amp;ssl=1 250w, https:\/\/i0.wp.com\/marionschacht.de\/leinwandpoesie\/wp-content\/uploads\/2024\/09\/vernissage_wageck_280918-12-von-15-1024x683-1.jpg?resize=300%2C200&amp;ssl=1 300w, https:\/\/i0.wp.com\/marionschacht.de\/leinwandpoesie\/wp-content\/uploads\/2024\/09\/vernissage_wageck_280918-12-von-15-1024x683-1.jpg?resize=768%2C512&amp;ssl=1 768w, https:\/\/i0.wp.com\/marionschacht.de\/leinwandpoesie\/wp-content\/uploads\/2024\/09\/vernissage_wageck_280918-12-von-15-1024x683-1.jpg?resize=485%2C323&amp;ssl=1 485w, https:\/\/i0.wp.com\/marionschacht.de\/leinwandpoesie\/wp-content\/uploads\/2024\/09\/vernissage_wageck_280918-12-von-15-1024x683-1.jpg?resize=960%2C640&amp;ssl=1 960w\" sizes=\"auto, (max-width: 1000px) 100vw, 1000px\" \/><\/figure><\/div><p><br>Geboren und aufgewachsen bin ich in der Pfalz, dem sonnigen S\u00fcdwesten Deutschlands. Hier, genauer gesagt, im Leininger Land ist meine Heimat. Am Rand des mittelalterlichen Dorfes Neuleiningen, umgeben vom sonnenverw\u00f6hnten Rebenland, habe ich mein Atelier eingerichtet. Genau wie die Rebst\u00f6cke in den Weinbergen die mediterrane W\u00e4rme der Pfalz lieben, so f\u00fchle auch ich mich in diesem speziellen Klima zwischen Rhein und Pf\u00e4lzer Wald sehr wohl.<br><br><\/p><div class=\"wp-block-image\"><figure class=\"aligncenter size-large is-resized\"><img data-recalc-dims=\"1\" loading=\"lazy\" decoding=\"async\" width=\"1024\" height=\"576\" src=\"https:\/\/i0.wp.com\/marionschacht.de\/leinwandpoesie\/wp-content\/uploads\/2024\/10\/neuleiningen_s.jpg?resize=1024%2C576\" alt=\"\" class=\"wp-image-3445\" style=\"width:600px\" srcset=\"https:\/\/i0.wp.com\/marionschacht.de\/leinwandpoesie\/wp-content\/uploads\/2024\/10\/neuleiningen_s.jpg?resize=1024%2C576&amp;ssl=1 1024w, https:\/\/i0.wp.com\/marionschacht.de\/leinwandpoesie\/wp-content\/uploads\/2024\/10\/neuleiningen_s.jpg?resize=250%2C141&amp;ssl=1 250w, https:\/\/i0.wp.com\/marionschacht.de\/leinwandpoesie\/wp-content\/uploads\/2024\/10\/neuleiningen_s.jpg?resize=300%2C169&amp;ssl=1 300w, https:\/\/i0.wp.com\/marionschacht.de\/leinwandpoesie\/wp-content\/uploads\/2024\/10\/neuleiningen_s.jpg?resize=768%2C432&amp;ssl=1 768w, https:\/\/i0.wp.com\/marionschacht.de\/leinwandpoesie\/wp-content\/uploads\/2024\/10\/neuleiningen_s.jpg?resize=1536%2C864&amp;ssl=1 1536w, https:\/\/i0.wp.com\/marionschacht.de\/leinwandpoesie\/wp-content\/uploads\/2024\/10\/neuleiningen_s.jpg?resize=485%2C273&amp;ssl=1 485w, https:\/\/i0.wp.com\/marionschacht.de\/leinwandpoesie\/wp-content\/uploads\/2024\/10\/neuleiningen_s.jpg?resize=960%2C540&amp;ssl=1 960w, https:\/\/i0.wp.com\/marionschacht.de\/leinwandpoesie\/wp-content\/uploads\/2024\/10\/neuleiningen_s.jpg?w=1974&amp;ssl=1 1974w\" sizes=\"auto, (max-width: 1000px) 100vw, 1000px\" \/><\/figure><\/div><p><br><br><\/p><div class=\"wp-block-group\"><div class=\"wp-block-group__inner-container is-layout-constrained wp-block-group-is-layout-constrained\"><div class=\"wp-block-columns is-layout-flex wp-container-core-columns-is-layout-9d6595d7 wp-block-columns-is-layout-flex\"><div class=\"wp-block-column is-layout-flow wp-block-column-is-layout-flow\" style=\"flex-basis:100%\"><div class=\"wp-block-group\"><div class=\"wp-block-group__inner-container is-layout-constrained wp-block-group-is-layout-constrained\"><div class=\"wp-block-columns is-layout-flex wp-container-core-columns-is-layout-9d6595d7 wp-block-columns-is-layout-flex\"><div class=\"wp-block-column is-layout-flow wp-block-column-is-layout-flow\" style=\"flex-basis:25%\"><figure class=\"wp-block-gallery has-nested-images columns-default is-cropped wp-block-gallery-1 is-layout-flex wp-block-gallery-is-layout-flex\"><figure class=\"wp-block-image size-large is-style-rounded\"><a href=\"http:\/\/marionschacht.de\/leinwandpoesie\/portfolio\/\"><img data-recalc-dims=\"1\" loading=\"lazy\" decoding=\"async\" width=\"900\" height=\"601\" data-id=\"3536\" src=\"https:\/\/i0.wp.com\/marionschacht.de\/leinwandpoesie\/wp-content\/uploads\/2024\/10\/symb_1.jpg?resize=900%2C601\" alt=\"\" class=\"wp-image-3536\" srcset=\"https:\/\/i0.wp.com\/marionschacht.de\/leinwandpoesie\/wp-content\/uploads\/2024\/10\/symb_1.jpg?w=900&amp;ssl=1 900w, https:\/\/i0.wp.com\/marionschacht.de\/leinwandpoesie\/wp-content\/uploads\/2024\/10\/symb_1.jpg?resize=250%2C167&amp;ssl=1 250w, https:\/\/i0.wp.com\/marionschacht.de\/leinwandpoesie\/wp-content\/uploads\/2024\/10\/symb_1.jpg?resize=300%2C200&amp;ssl=1 300w, https:\/\/i0.wp.com\/marionschacht.de\/leinwandpoesie\/wp-content\/uploads\/2024\/10\/symb_1.jpg?resize=768%2C513&amp;ssl=1 768w, https:\/\/i0.wp.com\/marionschacht.de\/leinwandpoesie\/wp-content\/uploads\/2024\/10\/symb_1.jpg?resize=485%2C324&amp;ssl=1 485w\" sizes=\"auto, (max-width: 900px) 100vw, 900px\" \/><\/a><figcaption class=\"wp-element-caption\"><strong><em>zum Portfolio<\/em><\/strong><\/figcaption><\/figure><\/figure><\/div>\n\n<div class=\"wp-block-column is-layout-flow wp-block-column-is-layout-flow\" style=\"flex-basis:25%\"><\/div><\/div><\/div><\/div><\/div><\/div><\/div><\/div><ul class=\"wp-block-social-links is-layout-flex wp-block-social-links-is-layout-flex\"><li class=\"wp-social-link wp-social-link-facebook  wp-block-social-link\"><a rel=\"noopener nofollow\" target=\"_blank\" href=\"https:\/\/www.facebook.com\/marionschachtfineart\/\" class=\"wp-block-social-link-anchor\"><svg width=\"24\" height=\"24\" viewBox=\"0 0 24 24\" version=\"1.1\" xmlns=\"http:\/\/www.w3.org\/2000\/svg\" aria-hidden=\"true\" focusable=\"false\"><path d=\"M12 2C6.5 2 2 6.5 2 12c0 5 3.7 9.1 8.4 9.9v-7H7.9V12h2.5V9.8c0-2.5 1.5-3.9 3.8-3.9 1.1 0 2.2.2 2.2.2v2.5h-1.3c-1.2 0-1.6.8-1.6 1.6V12h2.8l-.4 2.9h-2.3v7C18.3 21.1 22 17 22 12c0-5.5-4.5-10-10-10z\"><\/path><\/svg><span class=\"wp-block-social-link-label screen-reader-text\">Facebook<\/span><\/a><\/li>\n\n<li class=\"wp-social-link wp-social-link-instagram  wp-block-social-link\"><a rel=\"noopener nofollow\" target=\"_blank\" href=\"https:\/\/www.instagram.com\/marionschacht\/\" class=\"wp-block-social-link-anchor\"><svg width=\"24\" height=\"24\" viewBox=\"0 0 24 24\" version=\"1.1\" xmlns=\"http:\/\/www.w3.org\/2000\/svg\" aria-hidden=\"true\" focusable=\"false\"><path d=\"M12,4.622c2.403,0,2.688,0.009,3.637,0.052c0.877,0.04,1.354,0.187,1.671,0.31c0.42,0.163,0.72,0.358,1.035,0.673 c0.315,0.315,0.51,0.615,0.673,1.035c0.123,0.317,0.27,0.794,0.31,1.671c0.043,0.949,0.052,1.234,0.052,3.637 s-0.009,2.688-0.052,3.637c-0.04,0.877-0.187,1.354-0.31,1.671c-0.163,0.42-0.358,0.72-0.673,1.035 c-0.315,0.315-0.615,0.51-1.035,0.673c-0.317,0.123-0.794,0.27-1.671,0.31c-0.949,0.043-1.233,0.052-3.637,0.052 s-2.688-0.009-3.637-0.052c-0.877-0.04-1.354-0.187-1.671-0.31c-0.42-0.163-0.72-0.358-1.035-0.673 c-0.315-0.315-0.51-0.615-0.673-1.035c-0.123-0.317-0.27-0.794-0.31-1.671C4.631,14.688,4.622,14.403,4.622,12 s0.009-2.688,0.052-3.637c0.04-0.877,0.187-1.354,0.31-1.671c0.163-0.42,0.358-0.72,0.673-1.035 c0.315-0.315,0.615-0.51,1.035-0.673c0.317-0.123,0.794-0.27,1.671-0.31C9.312,4.631,9.597,4.622,12,4.622 M12,3 C9.556,3,9.249,3.01,8.289,3.054C7.331,3.098,6.677,3.25,6.105,3.472C5.513,3.702,5.011,4.01,4.511,4.511 c-0.5,0.5-0.808,1.002-1.038,1.594C3.25,6.677,3.098,7.331,3.054,8.289C3.01,9.249,3,9.556,3,12c0,2.444,0.01,2.751,0.054,3.711 c0.044,0.958,0.196,1.612,0.418,2.185c0.23,0.592,0.538,1.094,1.038,1.594c0.5,0.5,1.002,0.808,1.594,1.038 c0.572,0.222,1.227,0.375,2.185,0.418C9.249,20.99,9.556,21,12,21s2.751-0.01,3.711-0.054c0.958-0.044,1.612-0.196,2.185-0.418 c0.592-0.23,1.094-0.538,1.594-1.038c0.5-0.5,0.808-1.002,1.038-1.594c0.222-0.572,0.375-1.227,0.418-2.185 C20.99,14.751,21,14.444,21,12s-0.01-2.751-0.054-3.711c-0.044-0.958-0.196-1.612-0.418-2.185c-0.23-0.592-0.538-1.094-1.038-1.594 c-0.5-0.5-1.002-0.808-1.594-1.038c-0.572-0.222-1.227-0.375-2.185-0.418C14.751,3.01,14.444,3,12,3L12,3z M12,7.378 c-2.552,0-4.622,2.069-4.622,4.622S9.448,16.622,12,16.622s4.622-2.069,4.622-4.622S14.552,7.378,12,7.378z M12,15 c-1.657,0-3-1.343-3-3s1.343-3,3-3s3,1.343,3,3S13.657,15,12,15z M16.804,6.116c-0.596,0-1.08,0.484-1.08,1.08 s0.484,1.08,1.08,1.08c0.596,0,1.08-0.484,1.08-1.08S17.401,6.116,16.804,6.116z\"><\/path><\/svg><span class=\"wp-block-social-link-label screen-reader-text\">Instagram<\/span><\/a><\/li><\/ul><p><\/p>","protected":false},"excerpt":{"rendered":"<p>Ich m\u00f6chte Sie herzlich auf meiner Internetpr\u00e4senz begr\u00fc\u00dfen! Es freut mich sehr, dass Sie den Weg zu mir gefunden haben. Mein Name ist Marion Schacht und ich m\u00f6chte Ihnen gerne auf den folgenden Seiten mich selbst und meine Arbeiten vorstellen. Das Malen bedeutet f\u00fcr mich Intuition, Inspiration, das Leben verstehen mit all seinen Facetten. An [&hellip;]<\/p>\n","protected":false},"author":1,"featured_media":150,"parent":0,"menu_order":0,"comment_status":"closed","ping_status":"closed","template":"","meta":{"footnotes":""},"class_list":["post-253","page","type-page","status-publish","has-post-thumbnail","hentry"],"jetpack_sharing_enabled":true,"_links":{"self":[{"href":"https:\/\/marionschacht.de\/leinwandpoesie\/wp-json\/wp\/v2\/pages\/253","targetHints":{"allow":["GET"]}}],"collection":[{"href":"https:\/\/marionschacht.de\/leinwandpoesie\/wp-json\/wp\/v2\/pages"}],"about":[{"href":"https:\/\/marionschacht.de\/leinwandpoesie\/wp-json\/wp\/v2\/types\/page"}],"author":[{"embeddable":true,"href":"https:\/\/marionschacht.de\/leinwandpoesie\/wp-json\/wp\/v2\/users\/1"}],"replies":[{"embeddable":true,"href":"https:\/\/marionschacht.de\/leinwandpoesie\/wp-json\/wp\/v2\/comments?post=253"}],"version-history":[{"count":24,"href":"https:\/\/marionschacht.de\/leinwandpoesie\/wp-json\/wp\/v2\/pages\/253\/revisions"}],"predecessor-version":[{"id":3748,"href":"https:\/\/marionschacht.de\/leinwandpoesie\/wp-json\/wp\/v2\/pages\/253\/revisions\/3748"}],"wp:featuredmedia":[{"embeddable":true,"href":"https:\/\/marionschacht.de\/leinwandpoesie\/wp-json\/wp\/v2\/media\/150"}],"wp:attachment":[{"href":"https:\/\/marionschacht.de\/leinwandpoesie\/wp-json\/wp\/v2\/media?parent=253"}],"curies":[{"name":"wp","href":"https:\/\/api.w.org\/{rel}","templated":true}]}}